{"id":112,"date":"2023-04-05T09:17:15","date_gmt":"2023-04-05T07:17:15","guid":{"rendered":"http:\/\/biodiverscite17.fr\/?page_id=112"},"modified":"2025-03-31T21:12:44","modified_gmt":"2025-03-31T19:12:44","slug":"blog-articles","status":"publish","type":"page","link":"https:\/\/biodiverscite17.fr\/index.php\/blog-articles\/","title":{"rendered":"Blog"},"content":{"rendered":"\n<p>Bienvenue sur notre espace \u00ab\u00a0Blog\u00a0\u00bb o\u00f9 nous publierons des articles en lien avec les \u00e9v\u00e9nements que nous organisons tout au long de l&rsquo;ann\u00e9e. Cela vous permettra de d\u00e9couvrir notre approche, nos valeurs, les chantiers participatifs \u00e0 la ferme et, on l&rsquo;esp\u00e8re, vous donnera envie de nous rejoindre ! <\/p>\n\n\n\n<p>Bonne lecture,<\/p>\n\n\n\n<p>Tout l&rsquo;\u00e9quipe Bio-Divers &amp; Cit\u00e9<\/p>\n\n\n\n<div class=\"wp-block-query is-layout-flow wp-block-query-is-layout-flow\"><ul class=\"wp-block-post-template is-layout-flow wp-block-post-template-is-layout-flow\"><li class=\"wp-block-post post-682 post type-post status-publish format-standard has-post-thumbnail hentry category-non-classe\">\n\n<div class=\"wp-block-columns alignwide is-layout-flex wp-container-core-columns-is-layout-28f84493 wp-block-columns-is-layout-flex\">\n<div class=\"wp-block-column is-layout-flow wp-block-column-is-layout-flow\" style=\"flex-basis:66.66%\"><figure class=\"wp-block-post-featured-image\"><a href=\"https:\/\/biodiverscite17.fr\/index.php\/2026\/04\/07\/chantier-maraichage-chez-joshua-beyries\/\" target=\"_blank\"  ><img loading=\"lazy\" decoding=\"async\" width=\"1000\" height=\"750\" src=\"https:\/\/biodiverscite17.fr\/wp-content\/uploads\/2026\/04\/20260321-maraichage-joshua-7.jpg\" class=\"attachment-post-thumbnail size-post-thumbnail wp-post-image\" alt=\"Chantier maraichage chez Joshua Beyries\" style=\"object-fit:cover;\" srcset=\"https:\/\/biodiverscite17.fr\/wp-content\/uploads\/2026\/04\/20260321-maraichage-joshua-7.jpg 1000w, https:\/\/biodiverscite17.fr\/wp-content\/uploads\/2026\/04\/20260321-maraichage-joshua-7-300x225.jpg 300w, https:\/\/biodiverscite17.fr\/wp-content\/uploads\/2026\/04\/20260321-maraichage-joshua-7-768x576.jpg 768w\" sizes=\"auto, (max-width: 1000px) 100vw, 1000px\" \/><\/a><\/figure><\/div>\n\n\n\n<div class=\"wp-block-column is-layout-flow wp-block-column-is-layout-flow\" style=\"flex-basis:33.33%\"><h2 class=\"wp-block-post-title has-large-font-size\"><a href=\"https:\/\/biodiverscite17.fr\/index.php\/2026\/04\/07\/chantier-maraichage-chez-joshua-beyries\/\" target=\"_self\" >Chantier maraichage chez Joshua Beyries<\/a><\/h2>\n\n<div class=\"wp-block-post-excerpt has-small-font-size\"><p class=\"wp-block-post-excerpt__excerpt\">C&rsquo;est toujours avec un grand plaisir que nous retournons chez\u2026 <\/p><\/div><\/div>\n<\/div>\n\n<\/li><li class=\"wp-block-post post-673 post type-post status-publish format-standard has-post-thumbnail hentry category-non-classe\">\n\n<div class=\"wp-block-columns alignwide is-layout-flex wp-container-core-columns-is-layout-28f84493 wp-block-columns-is-layout-flex\">\n<div class=\"wp-block-column is-layout-flow wp-block-column-is-layout-flow\" style=\"flex-basis:66.66%\"><figure class=\"wp-block-post-featured-image\"><a href=\"https:\/\/biodiverscite17.fr\/index.php\/2026\/04\/07\/chantier-plantation-de-haies-chez-monique-rolland\/\" target=\"_blank\"  ><img loading=\"lazy\" decoding=\"async\" width=\"1600\" height=\"1487\" src=\"https:\/\/biodiverscite17.fr\/wp-content\/uploads\/2026\/04\/20260321-haies-monique-Rolland-7.jpg\" class=\"attachment-post-thumbnail size-post-thumbnail wp-post-image\" alt=\"Chantier plantation de haies chez Monique Rolland\" style=\"object-fit:cover;\" srcset=\"https:\/\/biodiverscite17.fr\/wp-content\/uploads\/2026\/04\/20260321-haies-monique-Rolland-7.jpg 1600w, https:\/\/biodiverscite17.fr\/wp-content\/uploads\/2026\/04\/20260321-haies-monique-Rolland-7-300x279.jpg 300w, https:\/\/biodiverscite17.fr\/wp-content\/uploads\/2026\/04\/20260321-haies-monique-Rolland-7-1024x952.jpg 1024w, https:\/\/biodiverscite17.fr\/wp-content\/uploads\/2026\/04\/20260321-haies-monique-Rolland-7-768x714.jpg 768w, https:\/\/biodiverscite17.fr\/wp-content\/uploads\/2026\/04\/20260321-haies-monique-Rolland-7-1536x1428.jpg 1536w\" sizes=\"auto, (max-width: 1600px) 100vw, 1600px\" \/><\/a><\/figure><\/div>\n\n\n\n<div class=\"wp-block-column is-layout-flow wp-block-column-is-layout-flow\" style=\"flex-basis:33.33%\"><h2 class=\"wp-block-post-title has-large-font-size\"><a href=\"https:\/\/biodiverscite17.fr\/index.php\/2026\/04\/07\/chantier-plantation-de-haies-chez-monique-rolland\/\" target=\"_self\" >Chantier plantation de haies chez Monique Rolland<\/a><\/h2>\n\n<div class=\"wp-block-post-excerpt has-small-font-size\"><p class=\"wp-block-post-excerpt__excerpt\">C&rsquo;est pour une fois exceptionnellement en semaine que nous avons\u2026 <\/p><\/div><\/div>\n<\/div>\n\n<\/li><li class=\"wp-block-post post-654 post type-post status-publish format-standard has-post-thumbnail hentry category-non-classe\">\n\n<div class=\"wp-block-columns alignwide is-layout-flex wp-container-core-columns-is-layout-28f84493 wp-block-columns-is-layout-flex\">\n<div class=\"wp-block-column is-layout-flow wp-block-column-is-layout-flow\" style=\"flex-basis:66.66%\"><figure class=\"wp-block-post-featured-image\"><a href=\"https:\/\/biodiverscite17.fr\/index.php\/2026\/03\/16\/chantier-plantation-de-haies-chez-henri-de-ternay\/\" target=\"_blank\"  ><img loading=\"lazy\" decoding=\"async\" width=\"1600\" height=\"1200\" src=\"https:\/\/biodiverscite17.fr\/wp-content\/uploads\/2026\/03\/plantation-haies-mars-2026-henri-9.jpg\" class=\"attachment-post-thumbnail size-post-thumbnail wp-post-image\" alt=\"Chantier plantation de haies chez Henri de Ternay\" style=\"object-fit:cover;\" srcset=\"https:\/\/biodiverscite17.fr\/wp-content\/uploads\/2026\/03\/plantation-haies-mars-2026-henri-9.jpg 1600w, https:\/\/biodiverscite17.fr\/wp-content\/uploads\/2026\/03\/plantation-haies-mars-2026-henri-9-300x225.jpg 300w, https:\/\/biodiverscite17.fr\/wp-content\/uploads\/2026\/03\/plantation-haies-mars-2026-henri-9-1024x768.jpg 1024w, https:\/\/biodiverscite17.fr\/wp-content\/uploads\/2026\/03\/plantation-haies-mars-2026-henri-9-768x576.jpg 768w, https:\/\/biodiverscite17.fr\/wp-content\/uploads\/2026\/03\/plantation-haies-mars-2026-henri-9-1536x1152.jpg 1536w\" sizes=\"auto, (max-width: 1600px) 100vw, 1600px\" \/><\/a><\/figure><\/div>\n\n\n\n<div class=\"wp-block-column is-layout-flow wp-block-column-is-layout-flow\" style=\"flex-basis:33.33%\"><h2 class=\"wp-block-post-title has-large-font-size\"><a href=\"https:\/\/biodiverscite17.fr\/index.php\/2026\/03\/16\/chantier-plantation-de-haies-chez-henri-de-ternay\/\" target=\"_self\" >Chantier plantation de haies chez Henri de Ternay<\/a><\/h2>\n\n<div class=\"wp-block-post-excerpt has-small-font-size\"><p class=\"wp-block-post-excerpt__excerpt\">Apr\u00e8s plusieurs annulations d\u00fbes \u00e0 la m\u00e9t\u00e9o compliqu\u00e9e de ce\u2026 <\/p><\/div><\/div>\n<\/div>\n\n<\/li><li class=\"wp-block-post post-621 post type-post status-publish format-standard has-post-thumbnail hentry category-non-classe\">\n\n<div class=\"wp-block-columns alignwide is-layout-flex wp-container-core-columns-is-layout-28f84493 wp-block-columns-is-layout-flex\">\n<div class=\"wp-block-column is-layout-flow wp-block-column-is-layout-flow\" style=\"flex-basis:66.66%\"><figure class=\"wp-block-post-featured-image\"><a href=\"https:\/\/biodiverscite17.fr\/index.php\/2025\/09\/26\/de-ferme-en-ferme-a-velo\/\" target=\"_blank\"  ><img loading=\"lazy\" decoding=\"async\" width=\"1052\" height=\"789\" src=\"https:\/\/biodiverscite17.fr\/wp-content\/uploads\/2025\/09\/20250920-ferme-en-ferme-3.jpg\" class=\"attachment-post-thumbnail size-post-thumbnail wp-post-image\" alt=\"De ferme en ferme \u00e0 v\u00e9lo\" style=\"object-fit:cover;\" srcset=\"https:\/\/biodiverscite17.fr\/wp-content\/uploads\/2025\/09\/20250920-ferme-en-ferme-3.jpg 1052w, https:\/\/biodiverscite17.fr\/wp-content\/uploads\/2025\/09\/20250920-ferme-en-ferme-3-300x225.jpg 300w, https:\/\/biodiverscite17.fr\/wp-content\/uploads\/2025\/09\/20250920-ferme-en-ferme-3-1024x768.jpg 1024w, https:\/\/biodiverscite17.fr\/wp-content\/uploads\/2025\/09\/20250920-ferme-en-ferme-3-768x576.jpg 768w\" sizes=\"auto, (max-width: 1052px) 100vw, 1052px\" \/><\/a><\/figure><\/div>\n\n\n\n<div class=\"wp-block-column is-layout-flow wp-block-column-is-layout-flow\" style=\"flex-basis:33.33%\"><h2 class=\"wp-block-post-title has-large-font-size\"><a href=\"https:\/\/biodiverscite17.fr\/index.php\/2025\/09\/26\/de-ferme-en-ferme-a-velo\/\" target=\"_self\" >De ferme en ferme \u00e0 v\u00e9lo<\/a><\/h2>\n\n<div class=\"wp-block-post-excerpt has-small-font-size\"><p class=\"wp-block-post-excerpt__excerpt\">Retour sur un \u00e9v\u00e9nement un peu particulier organis\u00e9 le 20\u2026 <\/p><\/div><\/div>\n<\/div>\n\n<\/li><li class=\"wp-block-post post-612 post type-post status-publish format-standard has-post-thumbnail hentry category-non-classe\">\n\n<div class=\"wp-block-columns alignwide is-layout-flex wp-container-core-columns-is-layout-28f84493 wp-block-columns-is-layout-flex\">\n<div class=\"wp-block-column is-layout-flow wp-block-column-is-layout-flow\" style=\"flex-basis:66.66%\"><figure class=\"wp-block-post-featured-image\"><a href=\"https:\/\/biodiverscite17.fr\/index.php\/2025\/09\/14\/chantier-maraichage-chez-armelle-michel\/\" target=\"_blank\"  ><img loading=\"lazy\" decoding=\"async\" width=\"800\" height=\"496\" src=\"https:\/\/biodiverscite17.fr\/wp-content\/uploads\/2025\/09\/2025-Juin-Armelle-Espace-test-image-mise-en-avant.jpg\" class=\"attachment-post-thumbnail size-post-thumbnail wp-post-image\" alt=\"Chantier maraichage chez Armelle Michel\" style=\"object-fit:cover;\" srcset=\"https:\/\/biodiverscite17.fr\/wp-content\/uploads\/2025\/09\/2025-Juin-Armelle-Espace-test-image-mise-en-avant.jpg 800w, https:\/\/biodiverscite17.fr\/wp-content\/uploads\/2025\/09\/2025-Juin-Armelle-Espace-test-image-mise-en-avant-300x186.jpg 300w, https:\/\/biodiverscite17.fr\/wp-content\/uploads\/2025\/09\/2025-Juin-Armelle-Espace-test-image-mise-en-avant-768x476.jpg 768w\" sizes=\"auto, (max-width: 800px) 100vw, 800px\" \/><\/a><\/figure><\/div>\n\n\n\n<div class=\"wp-block-column is-layout-flow wp-block-column-is-layout-flow\" style=\"flex-basis:33.33%\"><h2 class=\"wp-block-post-title has-large-font-size\"><a href=\"https:\/\/biodiverscite17.fr\/index.php\/2025\/09\/14\/chantier-maraichage-chez-armelle-michel\/\" target=\"_self\" >Chantier maraichage chez Armelle Michel<\/a><\/h2>\n\n<div class=\"wp-block-post-excerpt has-small-font-size\"><p class=\"wp-block-post-excerpt__excerpt\">Petit groupe ce matin de juin chez Armelle pour le\u2026 <\/p><\/div><\/div>\n<\/div>\n\n<\/li><li class=\"wp-block-post post-512 post type-post status-publish format-standard has-post-thumbnail hentry category-non-classe\">\n\n<div class=\"wp-block-columns alignwide is-layout-flex wp-container-core-columns-is-layout-28f84493 wp-block-columns-is-layout-flex\">\n<div class=\"wp-block-column is-layout-flow wp-block-column-is-layout-flow\" style=\"flex-basis:66.66%\"><figure class=\"wp-block-post-featured-image\"><a href=\"https:\/\/biodiverscite17.fr\/index.php\/2025\/05\/27\/chantier-salicorne-chez-christophe-mignon\/\" target=\"_blank\"  ><img loading=\"lazy\" decoding=\"async\" width=\"2000\" height=\"1500\" src=\"https:\/\/biodiverscite17.fr\/wp-content\/uploads\/2025\/05\/2025-05-24-marais.jpg\" class=\"attachment-post-thumbnail size-post-thumbnail wp-post-image\" alt=\"Chantier salicorne chez Christophe Mignon\" style=\"object-fit:cover;\" srcset=\"https:\/\/biodiverscite17.fr\/wp-content\/uploads\/2025\/05\/2025-05-24-marais.jpg 2000w, https:\/\/biodiverscite17.fr\/wp-content\/uploads\/2025\/05\/2025-05-24-marais-300x225.jpg 300w, https:\/\/biodiverscite17.fr\/wp-content\/uploads\/2025\/05\/2025-05-24-marais-1024x768.jpg 1024w, https:\/\/biodiverscite17.fr\/wp-content\/uploads\/2025\/05\/2025-05-24-marais-768x576.jpg 768w, https:\/\/biodiverscite17.fr\/wp-content\/uploads\/2025\/05\/2025-05-24-marais-1536x1152.jpg 1536w\" sizes=\"auto, (max-width: 2000px) 100vw, 2000px\" \/><\/a><\/figure><\/div>\n\n\n\n<div class=\"wp-block-column is-layout-flow wp-block-column-is-layout-flow\" style=\"flex-basis:33.33%\"><h2 class=\"wp-block-post-title has-large-font-size\"><a href=\"https:\/\/biodiverscite17.fr\/index.php\/2025\/05\/27\/chantier-salicorne-chez-christophe-mignon\/\" target=\"_self\" >Chantier salicorne chez Christophe Mignon<\/a><\/h2>\n\n<div class=\"wp-block-post-excerpt has-small-font-size\"><p class=\"wp-block-post-excerpt__excerpt\">Pour ce joli mois de mai, nous avions un chantier\u2026 <\/p><\/div><\/div>\n<\/div>\n\n<\/li><li class=\"wp-block-post post-489 post type-post status-publish format-standard has-post-thumbnail hentry category-non-classe\">\n\n<div class=\"wp-block-columns alignwide is-layout-flex wp-container-core-columns-is-layout-28f84493 wp-block-columns-is-layout-flex\">\n<div class=\"wp-block-column is-layout-flow wp-block-column-is-layout-flow\" style=\"flex-basis:66.66%\"><figure class=\"wp-block-post-featured-image\"><a href=\"https:\/\/biodiverscite17.fr\/index.php\/2025\/04\/27\/chantier-maraichage-chez-frederic-gombaud\/\" target=\"_blank\"  ><img loading=\"lazy\" decoding=\"async\" width=\"1600\" height=\"1200\" src=\"https:\/\/biodiverscite17.fr\/wp-content\/uploads\/2025\/04\/Marie-26-avril-2025-photo-1.jpg\" class=\"attachment-post-thumbnail size-post-thumbnail wp-post-image\" alt=\"Chantier maraichage chez Fr\u00e9d\u00e9ric Gombaud\" style=\"object-fit:cover;\" srcset=\"https:\/\/biodiverscite17.fr\/wp-content\/uploads\/2025\/04\/Marie-26-avril-2025-photo-1.jpg 1600w, https:\/\/biodiverscite17.fr\/wp-content\/uploads\/2025\/04\/Marie-26-avril-2025-photo-1-300x225.jpg 300w, https:\/\/biodiverscite17.fr\/wp-content\/uploads\/2025\/04\/Marie-26-avril-2025-photo-1-1024x768.jpg 1024w, https:\/\/biodiverscite17.fr\/wp-content\/uploads\/2025\/04\/Marie-26-avril-2025-photo-1-768x576.jpg 768w, https:\/\/biodiverscite17.fr\/wp-content\/uploads\/2025\/04\/Marie-26-avril-2025-photo-1-1536x1152.jpg 1536w\" sizes=\"auto, (max-width: 1600px) 100vw, 1600px\" \/><\/a><\/figure><\/div>\n\n\n\n<div class=\"wp-block-column is-layout-flow wp-block-column-is-layout-flow\" style=\"flex-basis:33.33%\"><h2 class=\"wp-block-post-title has-large-font-size\"><a href=\"https:\/\/biodiverscite17.fr\/index.php\/2025\/04\/27\/chantier-maraichage-chez-frederic-gombaud\/\" target=\"_self\" >Chantier maraichage chez Fr\u00e9d\u00e9ric Gombaud<\/a><\/h2>\n\n<div class=\"wp-block-post-excerpt has-small-font-size\"><p class=\"wp-block-post-excerpt__excerpt\">Pour notre 3\u00e8me chantier participatif de l&rsquo;ann\u00e9e, ce samedi 26\u2026 <\/p><\/div><\/div>\n<\/div>\n\n<\/li><li class=\"wp-block-post post-470 post type-post status-publish format-standard has-post-thumbnail hentry category-non-classe\">\n\n<div class=\"wp-block-columns alignwide is-layout-flex wp-container-core-columns-is-layout-28f84493 wp-block-columns-is-layout-flex\">\n<div class=\"wp-block-column is-layout-flow wp-block-column-is-layout-flow\" style=\"flex-basis:66.66%\"><figure class=\"wp-block-post-featured-image\"><a href=\"https:\/\/biodiverscite17.fr\/index.php\/2025\/03\/31\/atelier-terre-paille-chez-luciana-fondacci\/\" target=\"_blank\"  ><img loading=\"lazy\" decoding=\"async\" width=\"1600\" height=\"1200\" src=\"https:\/\/biodiverscite17.fr\/wp-content\/uploads\/2025\/03\/2025-03-22-melange.jpeg\" class=\"attachment-post-thumbnail size-post-thumbnail wp-post-image\" alt=\"Atelier Terre Paille chez Luciana Fondacci\" style=\"object-fit:cover;\" srcset=\"https:\/\/biodiverscite17.fr\/wp-content\/uploads\/2025\/03\/2025-03-22-melange.jpeg 1600w, https:\/\/biodiverscite17.fr\/wp-content\/uploads\/2025\/03\/2025-03-22-melange-300x225.jpeg 300w, https:\/\/biodiverscite17.fr\/wp-content\/uploads\/2025\/03\/2025-03-22-melange-1024x768.jpeg 1024w, https:\/\/biodiverscite17.fr\/wp-content\/uploads\/2025\/03\/2025-03-22-melange-768x576.jpeg 768w, https:\/\/biodiverscite17.fr\/wp-content\/uploads\/2025\/03\/2025-03-22-melange-1536x1152.jpeg 1536w\" sizes=\"auto, (max-width: 1600px) 100vw, 1600px\" \/><\/a><\/figure><\/div>\n\n\n\n<div class=\"wp-block-column is-layout-flow wp-block-column-is-layout-flow\" style=\"flex-basis:33.33%\"><h2 class=\"wp-block-post-title has-large-font-size\"><a href=\"https:\/\/biodiverscite17.fr\/index.php\/2025\/03\/31\/atelier-terre-paille-chez-luciana-fondacci\/\" target=\"_self\" >Atelier Terre Paille chez Luciana Fondacci<\/a><\/h2>\n\n<div class=\"wp-block-post-excerpt has-small-font-size\"><p class=\"wp-block-post-excerpt__excerpt\">Samedi 22 mars 2025, nous avons \u00e9t\u00e9 accueillis par Luciana\u2026 <\/p><\/div><\/div>\n<\/div>\n\n<\/li><li class=\"wp-block-post post-345 post type-post status-publish format-standard has-post-thumbnail hentry category-non-classe\">\n\n<div class=\"wp-block-columns alignwide is-layout-flex wp-container-core-columns-is-layout-28f84493 wp-block-columns-is-layout-flex\">\n<div class=\"wp-block-column is-layout-flow wp-block-column-is-layout-flow\" style=\"flex-basis:66.66%\"><figure class=\"wp-block-post-featured-image\"><a href=\"https:\/\/biodiverscite17.fr\/index.php\/2025\/01\/26\/plantations-de-haies-chez-olivier-mitsieno\/\" target=\"_blank\"  ><img loading=\"lazy\" decoding=\"async\" width=\"1600\" height=\"1200\" src=\"https:\/\/biodiverscite17.fr\/wp-content\/uploads\/2025\/01\/20250125-olivier-mitsieno-11.jpg\" class=\"attachment-post-thumbnail size-post-thumbnail wp-post-image\" alt=\"Plantation de haies chez Olivier Mitsieno\" style=\"object-fit:cover;\" srcset=\"https:\/\/biodiverscite17.fr\/wp-content\/uploads\/2025\/01\/20250125-olivier-mitsieno-11.jpg 1600w, https:\/\/biodiverscite17.fr\/wp-content\/uploads\/2025\/01\/20250125-olivier-mitsieno-11-300x225.jpg 300w, https:\/\/biodiverscite17.fr\/wp-content\/uploads\/2025\/01\/20250125-olivier-mitsieno-11-1024x768.jpg 1024w, https:\/\/biodiverscite17.fr\/wp-content\/uploads\/2025\/01\/20250125-olivier-mitsieno-11-768x576.jpg 768w, https:\/\/biodiverscite17.fr\/wp-content\/uploads\/2025\/01\/20250125-olivier-mitsieno-11-1536x1152.jpg 1536w\" sizes=\"auto, (max-width: 1600px) 100vw, 1600px\" \/><\/a><\/figure><\/div>\n\n\n\n<div class=\"wp-block-column is-layout-flow wp-block-column-is-layout-flow\" style=\"flex-basis:33.33%\"><h2 class=\"wp-block-post-title has-large-font-size\"><a href=\"https:\/\/biodiverscite17.fr\/index.php\/2025\/01\/26\/plantations-de-haies-chez-olivier-mitsieno\/\" target=\"_self\" >Plantation de haies chez Olivier Mitsieno<\/a><\/h2>\n\n<div class=\"wp-block-post-excerpt has-small-font-size\"><p class=\"wp-block-post-excerpt__excerpt\">Une douzaine de personnes courageuses \u00e9taient pr\u00e9sentes ce 25 janvier\u2026 <\/p><\/div><\/div>\n<\/div>\n\n<\/li><li class=\"wp-block-post post-307 post type-post status-publish format-standard has-post-thumbnail hentry category-non-classe\">\n\n<div class=\"wp-block-columns alignwide is-layout-flex wp-container-core-columns-is-layout-28f84493 wp-block-columns-is-layout-flex\">\n<div class=\"wp-block-column is-layout-flow wp-block-column-is-layout-flow\" style=\"flex-basis:66.66%\"><figure class=\"wp-block-post-featured-image\"><a href=\"https:\/\/biodiverscite17.fr\/index.php\/2025\/01\/26\/retour-en-images-sur-les-chantiers-2024\/\" target=\"_blank\"  ><img loading=\"lazy\" decoding=\"async\" width=\"1500\" height=\"1000\" src=\"https:\/\/biodiverscite17.fr\/wp-content\/uploads\/2025\/01\/20240506_biguenet-2.jpg\" class=\"attachment-post-thumbnail size-post-thumbnail wp-post-image\" alt=\"Retour en images sur les chantiers 2024\" style=\"object-fit:cover;\" srcset=\"https:\/\/biodiverscite17.fr\/wp-content\/uploads\/2025\/01\/20240506_biguenet-2.jpg 1500w, https:\/\/biodiverscite17.fr\/wp-content\/uploads\/2025\/01\/20240506_biguenet-2-300x200.jpg 300w, https:\/\/biodiverscite17.fr\/wp-content\/uploads\/2025\/01\/20240506_biguenet-2-1024x683.jpg 1024w, https:\/\/biodiverscite17.fr\/wp-content\/uploads\/2025\/01\/20240506_biguenet-2-768x512.jpg 768w\" sizes=\"auto, (max-width: 1500px) 100vw, 1500px\" \/><\/a><\/figure><\/div>\n\n\n\n<div class=\"wp-block-column is-layout-flow wp-block-column-is-layout-flow\" style=\"flex-basis:33.33%\"><h2 class=\"wp-block-post-title has-large-font-size\"><a href=\"https:\/\/biodiverscite17.fr\/index.php\/2025\/01\/26\/retour-en-images-sur-les-chantiers-2024\/\" target=\"_self\" >Retour en images sur les chantiers 2024<\/a><\/h2>\n\n<div class=\"wp-block-post-excerpt has-small-font-size\"><p class=\"wp-block-post-excerpt__excerpt\">Pour sa 2e ann\u00e9e, l&rsquo;association a organis\u00e9 5 chantiers participatifs\u2026 <\/p><\/div><\/div>\n<\/div>\n\n<\/li><\/ul><\/div>\n","protected":false},"excerpt":{"rendered":"<p>Bienvenue sur notre espace \u00ab\u00a0Blog\u00a0\u00bb o\u00f9 nous publierons des articles en lien avec les \u00e9v\u00e9nements que nous organisons tout au long de l&rsquo;ann\u00e9e. Cela vous permettra de d\u00e9couvrir notre approche, nos valeurs, les chantiers participatifs \u00e0 la ferme et, on l&rsquo;esp\u00e8re, vous donnera envie de nous rejoindre ! Bonne lecture, Tout l&rsquo;\u00e9quipe Bio-Divers &amp; Cit\u00e9<\/p>\n","protected":false},"author":1,"featured_media":0,"parent":0,"menu_order":0,"comment_status":"closed","ping_status":"closed","template":"","meta":{"footnotes":""},"class_list":["post-112","page","type-page","status-publish","hentry"],"_links":{"self":[{"href":"https:\/\/biodiverscite17.fr\/index.php\/wp-json\/wp\/v2\/pages\/112","targetHints":{"allow":["GET"]}}],"collection":[{"href":"https:\/\/biodiverscite17.fr\/index.php\/wp-json\/wp\/v2\/pages"}],"about":[{"href":"https:\/\/biodiverscite17.fr\/index.php\/wp-json\/wp\/v2\/types\/page"}],"author":[{"embeddable":true,"href":"https:\/\/biodiverscite17.fr\/index.php\/wp-json\/wp\/v2\/users\/1"}],"replies":[{"embeddable":true,"href":"https:\/\/biodiverscite17.fr\/index.php\/wp-json\/wp\/v2\/comments?post=112"}],"version-history":[{"count":11,"href":"https:\/\/biodiverscite17.fr\/index.php\/wp-json\/wp\/v2\/pages\/112\/revisions"}],"predecessor-version":[{"id":353,"href":"https:\/\/biodiverscite17.fr\/index.php\/wp-json\/wp\/v2\/pages\/112\/revisions\/353"}],"wp:attachment":[{"href":"https:\/\/biodiverscite17.fr\/index.php\/wp-json\/wp\/v2\/media?parent=112"}],"curies":[{"name":"wp","href":"https:\/\/api.w.org\/{rel}","templated":true}]}}