{"id":16,"date":"2023-02-05T15:47:47","date_gmt":"2023-02-05T14:47:47","guid":{"rendered":"http:\/\/biodiverscite17.fr\/?page_id=16"},"modified":"2026-01-17T19:05:18","modified_gmt":"2026-01-17T18:05:18","slug":"nous-rejoindre","status":"publish","type":"page","link":"https:\/\/biodiverscite17.fr\/index.php\/nous-rejoindre\/","title":{"rendered":"Adh\u00e9rer \u00e0 l&rsquo;association"},"content":{"rendered":"\n<div style=\"height:60px\" aria-hidden=\"true\" class=\"wp-block-spacer\"><\/div>\n\n\n\n<p class=\"has-text-color\" style=\"color:#d65a49\"><strong>L&rsquo;association<\/strong><\/p>\n\n\n\n<p>L&rsquo;association Bio-Divers &amp; Cit\u00e9 a pour objet&nbsp;:<\/p>\n\n\n\n<ul class=\"wp-block-list\">\n<li>De promouvoir la communication, les rencontres interg\u00e9n\u00e9rationnelles et les \u00e9changes autour des th\u00e8mes li\u00e9s \u00e0 la vie locale et notamment du petit patrimoine, \u00e0 l\u2019environnement, \u00e0 l\u2019agriculture durable et locale et \u00e0 des questions de soci\u00e9t\u00e9,<\/li>\n<\/ul>\n\n\n\n<p><\/p>\n\n\n\n<ul class=\"wp-block-list\">\n<li>De favoriser des activit\u00e9s li\u00e9es aux questions de l\u2019environnement, de la biodiversit\u00e9, d\u2019une \u00e9conomie durable et locale, et animations t\u00e9moignant de la m\u00e9moire du patrimoine,&nbsp;<\/li>\n<\/ul>\n\n\n\n<p><\/p>\n\n\n\n<ul class=\"wp-block-list\">\n<li>D\u2019organiser des rencontres et des manifestations sur ces diff\u00e9rents sujets, entre autres&nbsp;:\n<ul class=\"wp-block-list\">\n<li>La d\u00e9couverte des milieux naturels et du patrimoine local par le biais de la randonn\u00e9e \u00e9questre, p\u00e9destre et cyclotouriste.<\/li>\n\n\n\n<li>La d\u00e9couverte des milieux agricoles du pays royannais, notamment par l\u2019organisation des chantiers participatifs.<\/li>\n\n\n\n<li>La sensibilisation des citoyens aux enjeux \u00e9cologiques.<\/li>\n<\/ul>\n<\/li>\n<\/ul>\n\n\n\n<p><\/p>\n\n\n\n<ul class=\"wp-block-list\">\n<li>De favoriser la participation citoyenne par l\u2019entraide pour appr\u00e9hender une alimentation durable et saine, \u00e9voluer vers des pratiques et des comportements d\u2019achats plus respectueux pour la terre, l\u2019eau et les \u00eatres vivants, vers une \u00e9conomie solidaire.<\/li>\n<\/ul>\n\n\n\n<p><\/p>\n\n\n\n<ul class=\"wp-block-list\">\n<li>De sauvegarder le patrimoine naturel, chemins ruraux sur la commune et communes limitrophes et le patrimoine historique afin de pr\u00e9server ou de restaurer celui-ci et de conserver une m\u00e9moire locale.<\/li>\n<\/ul>\n\n\n\n<p>Les statuts de l&rsquo;association sont disponibles sur simple demande.<\/p>\n\n\n\n<div style=\"height:30px\" aria-hidden=\"true\" class=\"wp-block-spacer\"><\/div>\n\n\n\n<figure class=\"wp-block-image aligncenter size-large\"><img loading=\"lazy\" decoding=\"async\" width=\"1024\" height=\"768\" src=\"http:\/\/biodiverscite17.fr\/wp-content\/uploads\/2023\/02\/chantier-participatif-191122-\u00a9vanille-LIGNER-96-2-1024x768.jpg\" alt=\"\" class=\"wp-image-62\" srcset=\"https:\/\/biodiverscite17.fr\/wp-content\/uploads\/2023\/02\/chantier-participatif-191122-\u00a9vanille-LIGNER-96-2-1024x768.jpg 1024w, https:\/\/biodiverscite17.fr\/wp-content\/uploads\/2023\/02\/chantier-participatif-191122-\u00a9vanille-LIGNER-96-2-300x225.jpg 300w, https:\/\/biodiverscite17.fr\/wp-content\/uploads\/2023\/02\/chantier-participatif-191122-\u00a9vanille-LIGNER-96-2-768x576.jpg 768w, https:\/\/biodiverscite17.fr\/wp-content\/uploads\/2023\/02\/chantier-participatif-191122-\u00a9vanille-LIGNER-96-2-1536x1152.jpg 1536w, https:\/\/biodiverscite17.fr\/wp-content\/uploads\/2023\/02\/chantier-participatif-191122-\u00a9vanille-LIGNER-96-2-2048x1536.jpg 2048w\" sizes=\"auto, (max-width: 1024px) 100vw, 1024px\" \/><\/figure>\n\n\n\n<div style=\"height:30px\" aria-hidden=\"true\" class=\"wp-block-spacer\"><\/div>\n\n\n\n<p class=\"has-text-color\" style=\"color:#d65a49\"><strong>Rejoindre l&rsquo;association et devenir adh\u00e9rent<\/strong><\/p>\n\n\n\n<p>Vous souhaitez rejoindre l&rsquo;association et devenir adh\u00e9rent ? Rien de plus simple !<\/p>\n\n\n\n<p>L&rsquo;adh\u00e9sion annuelle est au tarif de 10\u20ac et est valable du 1er janvier au 31 d\u00e9cembre de l&rsquo;ann\u00e9e en cours. <\/p>\n\n\n\n<p>L&rsquo;adh\u00e9sion est indispensable \u00e0 partir du 2\u00e8me chantier participatif \u00e0 la ferme \u00e0 nos c\u00f4t\u00e9s.<\/p>\n\n\n\n<p>En adh\u00e9rant \u00e0 l&rsquo;association, vous soutenez une structure locale dynamique et vous participez \u00e0 l&rsquo;achat de tout le n\u00e9cessaire pour la bonne organisation des chantiers participatifs \u00e0 la ferme et des autres manifestations propos\u00e9es tout au long de l&rsquo;ann\u00e9e.<\/p>\n\n\n\n<p>Vous pouvez adh\u00e9rer en compl\u00e9tant le formulaire ci-apr\u00e8s et en nous le renvoyant par courrier \u00e0 l&rsquo;adresse indiqu\u00e9e.<\/p>\n\n\n\n<div style=\"height:30px\" aria-hidden=\"true\" class=\"wp-block-spacer\"><\/div>\n\n\n\n<div class=\"wp-block-buttons is-content-justification-center is-layout-flex wp-container-core-buttons-is-layout-a89b3969 wp-block-buttons-is-layout-flex\">\n<div class=\"wp-block-button\"><a class=\"wp-block-button__link has-text-align-center wp-element-button\" href=\"http:\/\/biodiverscite17.fr\/wp-content\/uploads\/2026\/01\/BULLETIN-DADHESION-BDC-2026-RGPD-avec-JUSTIFICATIF.pdf\" target=\"_blank\" rel=\"noreferrer noopener\">BULLETIN D&rsquo;ADH\u00c9SION 2026<\/a><\/div>\n<\/div>\n\n\n\n<div style=\"height:30px\" aria-hidden=\"true\" class=\"wp-block-spacer\"><\/div>\n\n\n\n<p>Vous pouvez aussi adh\u00e9rer directement en ligne via Hello Asso, une plateforme d\u00e9di\u00e9e \u00e0 la collecte des adh\u00e9sions des associations et \u00e0 la promotion de leurs activit\u00e9s (sans frais). <\/p>\n\n\n\n<div style=\"height:30px\" aria-hidden=\"true\" class=\"wp-block-spacer\"><\/div>\n\n\n\n<div class=\"wp-block-buttons is-content-justification-center is-layout-flex wp-container-core-buttons-is-layout-a89b3969 wp-block-buttons-is-layout-flex\">\n<div class=\"wp-block-button\"><a class=\"wp-block-button__link has-text-align-center wp-element-button\" href=\"https:\/\/www.helloasso.com\/associations\/bio-divers-et-cite\/adhesions\/adhesion-bio-divers-et-cite-2026\" target=\"_blank\" rel=\"noreferrer noopener\">HELLO ASSO<\/a><\/div>\n<\/div>\n\n\n\n<div style=\"height:30px\" aria-hidden=\"true\" class=\"wp-block-spacer\"><\/div>\n\n\n\n<p>Vous pouvez aussi adh\u00e9rer \u00e0 l&rsquo;association Bio-Divers &amp; Cit\u00e9 directement \u00e0 l&rsquo;occasion d&rsquo;un \u00e9v\u00e9nement en vous pr\u00e9sentant \u00e0 l&rsquo;accueil de celui-ci et en vous faisant conna\u00eetre des organisateurs. <\/p>\n\n\n\n<div style=\"height:30px\" aria-hidden=\"true\" class=\"wp-block-spacer\"><\/div>\n\n\n\n<figure class=\"wp-block-image aligncenter size-large\"><img loading=\"lazy\" decoding=\"async\" width=\"1024\" height=\"768\" src=\"http:\/\/biodiverscite17.fr\/wp-content\/uploads\/2023\/02\/chantier-participatif-191122-\u00a9vanille-LIGNER-90-1024x768.jpg\" alt=\"\" class=\"wp-image-10\" srcset=\"https:\/\/biodiverscite17.fr\/wp-content\/uploads\/2023\/02\/chantier-participatif-191122-\u00a9vanille-LIGNER-90-1024x768.jpg 1024w, https:\/\/biodiverscite17.fr\/wp-content\/uploads\/2023\/02\/chantier-participatif-191122-\u00a9vanille-LIGNER-90-300x225.jpg 300w, https:\/\/biodiverscite17.fr\/wp-content\/uploads\/2023\/02\/chantier-participatif-191122-\u00a9vanille-LIGNER-90-768x576.jpg 768w, https:\/\/biodiverscite17.fr\/wp-content\/uploads\/2023\/02\/chantier-participatif-191122-\u00a9vanille-LIGNER-90-1536x1152.jpg 1536w, https:\/\/biodiverscite17.fr\/wp-content\/uploads\/2023\/02\/chantier-participatif-191122-\u00a9vanille-LIGNER-90-2048x1536.jpg 2048w\" sizes=\"auto, (max-width: 1024px) 100vw, 1024px\" \/><\/figure>\n\n\n\n<div style=\"height:30px\" aria-hidden=\"true\" class=\"wp-block-spacer\"><\/div>\n\n\n\n<p class=\"has-text-color\" style=\"color:#d65a49\"><strong>Et maintenant ?<\/strong><\/p>\n\n\n\n<p>Si vous avez envie de rejoindre l\u2019association que ce soit en tant que <a href=\"https:\/\/biodiverscite17.fr\/index.php\/engagez-vous-avec-bio-divers-et-cite\/\" data-type=\"link\" data-id=\"https:\/\/biodiverscite17.fr\/index.php\/engagez-vous-avec-bio-divers-et-cite\/\" target=\"_blank\" rel=\"noreferrer noopener\">b\u00e9n\u00e9vole engag\u00e9<\/a>, adh\u00e9rent ou tout simplement \u00e0 l\u2019occasion d\u2019un \u00e9v\u00e9nement ou d\u2019un chantier participatif \u00e0 la ferme, inscrivez-vous \u00e0 notre lettre d\u2019information pour recevoir nos actualit\u00e9s.<\/p>\n\n\n\n<div style=\"height:30px\" aria-hidden=\"true\" class=\"wp-block-spacer\"><\/div>\n\n\n\n<div class=\"wp-block-buttons is-layout-flex wp-block-buttons-is-layout-flex\">\n<div class=\"wp-block-button aligncenter\"><a class=\"wp-block-button__link has-base-color has-luminous-vivid-amber-background-color has-text-color has-background wp-element-button\" href=\"https:\/\/e87bfc41.sibforms.com\/serve\/MUIFAORQr8GSJq9zvVazjOAUXLnBvuzkpHUQqydg3MAhKz20aVjqsIP0QJy37nD9NZ2foDCp41Dn-pFzX_KuAxoKKf2rYcA9yE3lQ0HSKZ5wsMp6XgGW3x0OBf7rjWSFwPt_VI3a2xjEARMLo4oL3nIJPpMDdTT2TFxVqhk1cBPm5yl-hRpTbvxmd7ssfXbR6DHV9tJ-K12hsXun\" style=\"border-radius:30px\" target=\"_blank\" rel=\"noreferrer noopener\">JE M&rsquo;INSCRIS \u00c0 LA NEWSLETTER<\/a><\/div>\n<\/div>\n\n\n\n<div style=\"height:60px\" aria-hidden=\"true\" class=\"wp-block-spacer\"><\/div>\n\n\n\n<div class=\"wp-block-group alignfull has-white-color has-text-color has-background has-link-color wp-elements-49ae46afe57b01c3b4533c57a92f030c is-layout-flow wp-block-group-is-layout-flow\" style=\"background-color:#8e8a86;padding-top:4em;padding-bottom:2em\">\n<div class=\"wp-block-columns is-layout-flex wp-container-core-columns-is-layout-28f84493 wp-block-columns-is-layout-flex\">\n<div class=\"wp-block-column is-layout-flow wp-block-column-is-layout-flow\" style=\"flex-basis:50%\">\n<p><strong>BIO-DIVERS &amp; CIT\u00c9<\/strong><\/p>\n\n\n\n<p>Chantiers participatifs \u00e0 la ferme | Agglom\u00e9ration Royan Atlantique<\/p>\n\n\n\n<p>Si\u00e8ge de l\u2019association : Epargnes<\/p>\n\n\n\n<p>Actions : Royan, Meschers-sur-Gironde, Saujon, Saint Georges-de-Didonne, \u2026<\/p>\n<\/div>\n\n\n\n<div class=\"wp-block-column is-layout-flow wp-block-column-is-layout-flow\">\n<p>Suivez-nous sur les r\u00e9seaux sociaux :<\/p>\n\n\n\n<p><a href=\"https:\/\/www.facebook.com\/profile.php?id=100090146377204\" data-type=\"URL\" data-id=\"https:\/\/www.facebook.com\/profile.php?id=100090146377204\">Facebook<\/a><br><a href=\"https:\/\/www.instagram.com\/biodiversetcite17\/\" data-type=\"URL\" data-id=\"https:\/\/www.instagram.com\/biodiversetcite17\/\">Instagram<\/a><br><a href=\"https:\/\/www.linkedin.com\/company\/bio-divers-cite-17\/\" data-type=\"URL\" data-id=\"https:\/\/www.linkedin.com\/company\/bio-divers-cite-17\/\">Linkedin<\/a><\/p>\n<\/div>\n\n\n\n<div class=\"wp-block-column is-layout-flow wp-block-column-is-layout-flow\">\n<p><a href=\"http:\/\/biodiverscite17.fr\/index.php\/a-propos\/\" data-type=\"URL\" data-id=\"http:\/\/biodiverscite17.fr\/index.php\/a-propos\/\" target=\"_blank\" rel=\"noreferrer noopener\">A propos<\/a><\/p>\n\n\n\n<p><a href=\"http:\/\/biodiverscite17.fr\/index.php\/contact\/\" data-type=\"URL\" data-id=\"http:\/\/biodiverscite17.fr\/index.php\/contact\/\" target=\"_blank\" rel=\"noreferrer noopener\">Contact<\/a><\/p>\n\n\n\n<p><a href=\"http:\/\/biodiverscite17.fr\/index.php\/nous-rejoindre\/\" data-type=\"URL\" data-id=\"http:\/\/biodiverscite17.fr\/index.php\/nous-rejoindre\/\" target=\"_blank\" rel=\"noreferrer noopener\">Rejoindre l&rsquo;association<\/a><\/p>\n\n\n\n<p><a href=\"https:\/\/biodiverscite17.fr\/index.php\/politique-de-confidentialite\/\" data-type=\"link\" data-id=\"https:\/\/biodiverscite17.fr\/index.php\/politique-de-confidentialite\/\" target=\"_blank\" rel=\"noreferrer noopener\">Politique de confidentialit\u00e9<\/a><\/p>\n<\/div>\n<\/div>\n\n\n\n<div class=\"wp-block-group alignfull is-layout-flow wp-block-group-is-layout-flow\" style=\"padding-top:4em;padding-bottom:2em\">\n<p class=\"has-text-align-center\">Site cr\u00e9\u00e9 avec amour et un soup\u00e7on de soleil par l&rsquo;\u00e9quipe de l\u2019Association Bio-Divers &amp; Cit\u00e9 via <a href=\"https:\/\/wordpress.org\">WordPress<\/a> <\/p>\n<\/div>\n<\/div>\n","protected":false},"excerpt":{"rendered":"<p>L&rsquo;association L&rsquo;association Bio-Divers &amp; Cit\u00e9 a pour objet&nbsp;: Les statuts de l&rsquo;association sont disponibles sur simple demande. Rejoindre l&rsquo;association et devenir adh\u00e9rent Vous souhaitez rejoindre l&rsquo;association et devenir adh\u00e9rent ? Rien de plus simple ! L&rsquo;adh\u00e9sion annuelle est au tarif de 10\u20ac et est valable du 1er janvier au 31 d\u00e9cembre de l&rsquo;ann\u00e9e en cours. [&hellip;]<\/p>\n","protected":false},"author":1,"featured_media":0,"parent":0,"menu_order":0,"comment_status":"closed","ping_status":"closed","template":"","meta":{"footnotes":""},"class_list":["post-16","page","type-page","status-publish","hentry"],"_links":{"self":[{"href":"https:\/\/biodiverscite17.fr\/index.php\/wp-json\/wp\/v2\/pages\/16","targetHints":{"allow":["GET"]}}],"collection":[{"href":"https:\/\/biodiverscite17.fr\/index.php\/wp-json\/wp\/v2\/pages"}],"about":[{"href":"https:\/\/biodiverscite17.fr\/index.php\/wp-json\/wp\/v2\/types\/page"}],"author":[{"embeddable":true,"href":"https:\/\/biodiverscite17.fr\/index.php\/wp-json\/wp\/v2\/users\/1"}],"replies":[{"embeddable":true,"href":"https:\/\/biodiverscite17.fr\/index.php\/wp-json\/wp\/v2\/comments?post=16"}],"version-history":[{"count":21,"href":"https:\/\/biodiverscite17.fr\/index.php\/wp-json\/wp\/v2\/pages\/16\/revisions"}],"predecessor-version":[{"id":635,"href":"https:\/\/biodiverscite17.fr\/index.php\/wp-json\/wp\/v2\/pages\/16\/revisions\/635"}],"wp:attachment":[{"href":"https:\/\/biodiverscite17.fr\/index.php\/wp-json\/wp\/v2\/media?parent=16"}],"curies":[{"name":"wp","href":"https:\/\/api.w.org\/{rel}","templated":true}]}}