{"id":2,"date":"2023-01-20T15:01:18","date_gmt":"2023-01-20T14:01:18","guid":{"rendered":"http:\/\/vzvcueu.cluster031.hosting.ovh.net\/?page_id=2"},"modified":"2025-09-14T17:22:27","modified_gmt":"2025-09-14T15:22:27","slug":"a-propos","status":"publish","type":"page","link":"https:\/\/biodiverscite17.fr\/index.php\/a-propos\/","title":{"rendered":"A propos"},"content":{"rendered":"\n<div style=\"height:60px\" aria-hidden=\"true\" class=\"wp-block-spacer\"><\/div>\n\n\n\n<p>L&rsquo;association Bio-Divers &amp; Cit\u00e9 a \u00e9t\u00e9 cr\u00e9\u00e9e en octobre 2008. <\/p>\n\n\n\n<p>Cette association est sans but lucratif et est r\u00e9gie par la loi du 1er juillet 1901. <\/p>\n\n\n\n<p>Elle a pour objet la promotion de rencontres interg\u00e9n\u00e9rationnelles autour de manifestions et d&rsquo;ateliers li\u00e9s \u00e0 la vie locale, au petit patrimoine, \u00e0 l&rsquo;environnement et \u00e0 l&rsquo;\u00e9conomie durable.  <\/p>\n\n\n\n<div style=\"height:30px\" aria-hidden=\"true\" class=\"wp-block-spacer\"><\/div>\n\n\n\n<p class=\"has-text-color\" style=\"color:#d65a49\"><strong>Journ\u00e9e Nature<\/strong><\/p>\n\n\n\n<p>Depuis sa cr\u00e9ation, plusieurs actions ont \u00e9t\u00e9 men\u00e9es comme des \u00ab\u00a0Rallyes nature\u00a0\u00bb (\u00e0 pied, \u00e0 v\u00e9lo et \u00e0 cheval le matin, pause pique-nique et conf\u00e9rence l\u2019apr\u00e8s-midi) sur les th\u00e9matiques suivantes&nbsp;:&nbsp;<\/p>\n\n\n\n<ul class=\"wp-block-list\">\n<li><strong>2009 : \u00ab&nbsp;L\u2019eau&nbsp;\u00bb <\/strong>en partenariat avec le Conservatoire de l\u2019Estuaire de la Gironde&nbsp;&nbsp;<\/li>\n<\/ul>\n\n\n\n<ul class=\"wp-block-list\">\n<li><strong>2010 : \u00ab&nbsp;La Biodiversit\u00e9&nbsp;\u00bb<\/strong>, documentaire et conf\u00e9rence anim\u00e9e par Isabelle Bissonnet et Beno\u00eet Biteau<\/li>\n<\/ul>\n\n\n\n<ul class=\"wp-block-list\">\n<li><strong>2011 : \u00ab&nbsp;La coop\u00e9ration\/comp\u00e9tition au jardin&nbsp;\u00bb <\/strong>et <strong>\u00ab&nbsp;Biodiversit\u00e9 au jardin, comment la flore attire la faune&nbsp;\u00bb <\/strong>avec Vincent Albouy, Entomologiste<\/li>\n<\/ul>\n\n\n\n<div style=\"height:30px\" aria-hidden=\"true\" class=\"wp-block-spacer\"><\/div>\n\n\n\n<p class=\"has-text-color\" style=\"color:#d65a49\"><strong>Journ\u00e9e du Patrimoine<\/strong><\/p>\n\n\n\n<p>L&rsquo;association Bio-Divers &amp; Cit\u00e9 a \u00e9galement propos\u00e9 diff\u00e9rentes manifestations dans le cadre des journ\u00e9es du patrimoine : <\/p>\n\n\n\n<ul class=\"wp-block-list\">\n<li><strong>2012 : \u00ab\u00a0Les grands livres\u00a0\u00bb<\/strong>, l\u2019association est porteuse du Grand Livre d\u2019Epargnes<\/li>\n<\/ul>\n\n\n\n<ul class=\"wp-block-list\">\n<li><strong>2013 : \u00ab\u00a0Balade sauvage et gourmande\u00a0\u00bb<\/strong>, Domaine de Pommiers et le hameau de Loriveaux sur Arces-sur-Gironde<\/li>\n<\/ul>\n\n\n\n<ul class=\"wp-block-list\">\n<li><strong>2020 : Balade \u00e0 pied autour des puits et timbres, visite guid\u00e9e de l\u2019\u00e9glise d\u2019Epargnes <\/strong>et <strong>exposition de panneaux<\/strong> sur l\u2019histoire du village, \u00e0 la salle municipale d&rsquo;Epargnes<\/li>\n<\/ul>\n\n\n\n<div style=\"height:30px\" aria-hidden=\"true\" class=\"wp-block-spacer\"><\/div>\n\n\n\n<p class=\"has-text-color\" style=\"color:#d65a49\"><strong>Journ\u00e9e \u00e0 la Ferme<\/strong><\/p>\n\n\n\n<p>Plusieurs actions ont ainsi \u00e9t\u00e9 organis\u00e9es en ce sens : <\/p>\n\n\n\n<ul class=\"wp-block-list\">\n<li><strong>2012 et 2014 : March\u00e9 de producteurs<\/strong> avec restauration sur place, <strong>Ateliers<\/strong> pour les enfants, <strong>livres et expositions<\/strong>, <strong>Conf\u00e9rence-d\u00e9bat<\/strong> \u00ab&nbsp;Alimentation et sant\u00e9&nbsp;\u00bb, Maine-Sur-Jard&nbsp;<\/li>\n<\/ul>\n\n\n\n<div style=\"height:30px\" aria-hidden=\"true\" class=\"wp-block-spacer\"><\/div>\n\n\n\n<p class=\"has-text-color\" style=\"color:#d65a49\"><strong>Journ\u00e9e \u00c9cologie et Biodiversit\u00e9<\/strong><\/p>\n\n\n\n<ul class=\"wp-block-list\">\n<li><strong>2016 : d\u00e9couverte des oiseaux <\/strong>\u2013 intervention de la LPO<\/li>\n<\/ul>\n\n\n\n<ul class=\"wp-block-list\">\n<li><strong>2018 :&nbsp;<\/strong> <strong>Journ\u00e9e de l\u2019arbre <\/strong>(balade d\u00e9couverte de nos arbres, patrimoine naturel de la commune) en partenariat avec Prom\u2019haies + <strong>Exposition <\/strong>sur 10 jours dans le hall de la biblioth\u00e8que&nbsp;; documentation \u00e0 disposition<\/li>\n<\/ul>\n\n\n\n<ul class=\"wp-block-list\">\n<li><strong>2019 : balade \u00e0 la d\u00e9couverte des insectes<\/strong><\/li>\n<\/ul>\n\n\n\n<div style=\"height:30px\" aria-hidden=\"true\" class=\"wp-block-spacer\"><\/div>\n\n\n\n<div style=\"height:60px\" aria-hidden=\"true\" class=\"wp-block-spacer\"><\/div>\n\n\n\n<figure class=\"wp-block-image aligncenter size-full is-resized\"><img loading=\"lazy\" decoding=\"async\" width=\"839\" height=\"595\" src=\"http:\/\/biodiverscite17.fr\/wp-content\/uploads\/2023\/02\/BDC_logo.png\" alt=\"\" class=\"wp-image-38\" style=\"width:420px;height:298px\" srcset=\"https:\/\/biodiverscite17.fr\/wp-content\/uploads\/2023\/02\/BDC_logo.png 839w, https:\/\/biodiverscite17.fr\/wp-content\/uploads\/2023\/02\/BDC_logo-300x213.png 300w, https:\/\/biodiverscite17.fr\/wp-content\/uploads\/2023\/02\/BDC_logo-768x545.png 768w\" sizes=\"auto, (max-width: 839px) 100vw, 839px\" \/><\/figure>\n\n\n\n<div style=\"height:30px\" aria-hidden=\"true\" class=\"wp-block-spacer\"><\/div>\n\n\n\n<p class=\"has-text-color\" style=\"color:#d65a49\"><strong>2023, une nouvelle impulsion<\/strong><\/p>\n\n\n\n<p>L&rsquo;association a souhait\u00e9 s&rsquo;investir davantage sur le territoire de la Communaut\u00e9 d&rsquo;Agglom\u00e9ration Royan Atlantique (CARA) et a rejoint les partenaires du Projet Alimentaire Territorial (PAT). <\/p>\n\n\n\n<p>La participation citoyenne \u00e9tant un \u00e9l\u00e9ment incontournable des PAT, la CARA et l&rsquo;association Bio-Divers &amp; Cit\u00e9 souhaitent cr\u00e9er un \u00e9lan populaire autour de l&rsquo;alimentation tout en renfor\u00e7ant le lien entre les producteurs et les habitants. <\/p>\n\n\n\n<p>En 2023, l&rsquo;association a donc d\u00e9cid\u00e9 de mettre l&rsquo;accent sur l&rsquo;organisation de chantiers participatifs \u00e0 la ferme en proposant aux habitants du territoire de participer \u00e0 des ateliers diversifi\u00e9s. Id\u00e9al pour mieux appr\u00e9hender l&rsquo;univers de l&rsquo;agriculture, d\u00e9couvrir la richesse des m\u00e9tiers et contribuer activement \u00e0 diff\u00e9rents mini-chantiers comme : les semis, la plantation de haies, la peinture de ruches, le paillage, le b\u00e2chage de serres, etc. <\/p>\n\n\n\n<div style=\"height:61px\" aria-hidden=\"true\" class=\"wp-block-spacer\"><\/div>\n\n\n\n<div class=\"wp-block-columns has-large-font-size is-layout-flex wp-container-core-columns-is-layout-28f84493 wp-block-columns-is-layout-flex\">\n<div class=\"wp-block-column is-layout-flow wp-block-column-is-layout-flow\">\n<figure class=\"wp-block-image aligncenter size-large\"><img loading=\"lazy\" decoding=\"async\" width=\"726\" height=\"1024\" src=\"http:\/\/biodiverscite17.fr\/wp-content\/uploads\/2025\/09\/Flyer-BDC-2025-P1-726x1024.jpg\" alt=\"\" class=\"wp-image-610\" srcset=\"https:\/\/biodiverscite17.fr\/wp-content\/uploads\/2025\/09\/Flyer-BDC-2025-P1-726x1024.jpg 726w, https:\/\/biodiverscite17.fr\/wp-content\/uploads\/2025\/09\/Flyer-BDC-2025-P1-213x300.jpg 213w, https:\/\/biodiverscite17.fr\/wp-content\/uploads\/2025\/09\/Flyer-BDC-2025-P1-768x1083.jpg 768w, https:\/\/biodiverscite17.fr\/wp-content\/uploads\/2025\/09\/Flyer-BDC-2025-P1.jpg 869w\" sizes=\"auto, (max-width: 726px) 100vw, 726px\" \/><\/figure>\n<\/div>\n\n\n\n<div class=\"wp-block-column is-layout-flow wp-block-column-is-layout-flow\">\n<figure class=\"wp-block-image aligncenter size-large\"><img loading=\"lazy\" decoding=\"async\" width=\"723\" height=\"1024\" src=\"https:\/\/biodiverscite17.fr\/wp-content\/uploads\/2025\/09\/Flyer-BDC-2025-P2-723x1024.jpg\" alt=\"\" class=\"wp-image-607\" srcset=\"https:\/\/biodiverscite17.fr\/wp-content\/uploads\/2025\/09\/Flyer-BDC-2025-P2-723x1024.jpg 723w, https:\/\/biodiverscite17.fr\/wp-content\/uploads\/2025\/09\/Flyer-BDC-2025-P2-212x300.jpg 212w, https:\/\/biodiverscite17.fr\/wp-content\/uploads\/2025\/09\/Flyer-BDC-2025-P2-768x1087.jpg 768w, https:\/\/biodiverscite17.fr\/wp-content\/uploads\/2025\/09\/Flyer-BDC-2025-P2.jpg 863w\" sizes=\"auto, (max-width: 723px) 100vw, 723px\" \/><\/figure>\n<\/div>\n<\/div>\n\n\n\n<hr class=\"wp-block-separator has-alpha-channel-opacity\"\/>\n\n\n\n<p class=\"has-text-color\" style=\"color:#d65a49\"><strong>Des matin\u00e9es pour apprendre et aider \u00e0 la ferme<\/strong><\/p>\n\n\n\n<p>L&rsquo;organisation de chantiers participatifs \u00e0 la ferme est un projet de sensibilisation des citoyens aux enjeux de l\u2019agro-\u00e9cologie et de l\u2019alimentation durable par l\u2019action mise en place par la CARA et Bio-Divers&amp;Cit\u00e9.<\/p>\n\n\n\n<p>Par ce biais, nos actions visent \u00e0  :<\/p>\n\n\n\n<ul class=\"wp-block-list\">\n<li><strong>faire d\u00e9couvrir les enjeux agro-alimentaires <\/strong>aux habitants et <strong>provoquer une \u00e9volution de leurs pratiques<\/strong> d\u2019entraide, de jardinage et\/ou d\u2019alimentation <\/li>\n<\/ul>\n\n\n\n<ul class=\"wp-block-list\">\n<li><strong>aider ponctuellement des exploitations agricoles <\/strong>du territoire sur des chantiers n\u00e9cessitant de la main-d\u2019\u0153uvre<br><\/li>\n\n\n\n<li><strong>accompagner l\u2019\u00e9mergence de nouveaux comportements alimentaires et d\u2019achats \u00e0 travers ces \u00e9changes <\/strong>(jardinage, consommation en AMAP, magasins de producteurs, etc.).<\/li>\n<\/ul>\n\n\n\n<div style=\"height:60px\" aria-hidden=\"true\" class=\"wp-block-spacer\"><\/div>\n\n\n\n<p class=\"has-text-color\" style=\"color:#d65a49\"><strong>Et maintenant ? <\/strong><\/p>\n\n\n\n<p>Si tout cela r\u00e9sonne pour vous et que vous avez envie de <a href=\"https:\/\/biodiverscite17.fr\/index.php\/nous-rejoindre\/\" data-type=\"link\" data-id=\"https:\/\/biodiverscite17.fr\/index.php\/nous-rejoindre\/\">rejoindre l&rsquo;association<\/a> que ce soit en tant que b\u00e9n\u00e9vole ou tout simplement \u00e0 l&rsquo;occasion de l&rsquo;une de nos manifestations ou d&rsquo;un chantier participatif \u00e0 la ferme, inscrivez-vous \u00e0 <a href=\"https:\/\/e87bfc41.sibforms.com\/serve\/MUIEAGd760wxn1IMW8LHMeAhQOucrJkLgkw-MLB_ZCDRuQnb4nzs08ggUTl5njfiOn-fQlSZevwpnHrjJwzcKtZxdLcjq-8NFSACNudN6COBgtkFwpAU0LauUR3HjFTagM7WPVTZ1552TRNxiqHGOYWsp72W09MhfDyBMepBoHvneeuy8p_tLFkHGv04uaxRB09erHMysnlEYYwk\" data-type=\"link\" data-id=\"https:\/\/e87bfc41.sibforms.com\/serve\/MUIEAGd760wxn1IMW8LHMeAhQOucrJkLgkw-MLB_ZCDRuQnb4nzs08ggUTl5njfiOn-fQlSZevwpnHrjJwzcKtZxdLcjq-8NFSACNudN6COBgtkFwpAU0LauUR3HjFTagM7WPVTZ1552TRNxiqHGOYWsp72W09MhfDyBMepBoHvneeuy8p_tLFkHGv04uaxRB09erHMysnlEYYwk\">notre lettre d&rsquo;information<\/a> pour recevoir nos actualit\u00e9s. <\/p>\n\n\n\n<div style=\"height:60px\" aria-hidden=\"true\" class=\"wp-block-spacer\"><\/div>\n\n\n\n<div class=\"wp-block-buttons is-layout-flex wp-block-buttons-is-layout-flex\">\n<div class=\"wp-block-button aligncenter\"><a class=\"wp-block-button__link has-base-color has-luminous-vivid-amber-background-color has-text-color has-background wp-element-button\" href=\"https:\/\/e87bfc41.sibforms.com\/serve\/MUIFAORQr8GSJq9zvVazjOAUXLnBvuzkpHUQqydg3MAhKz20aVjqsIP0QJy37nD9NZ2foDCp41Dn-pFzX_KuAxoKKf2rYcA9yE3lQ0HSKZ5wsMp6XgGW3x0OBf7rjWSFwPt_VI3a2xjEARMLo4oL3nIJPpMDdTT2TFxVqhk1cBPm5yl-hRpTbvxmd7ssfXbR6DHV9tJ-K12hsXun\" style=\"border-radius:30px\" target=\"_blank\" rel=\"noreferrer noopener\">JE M&rsquo;INSCRIS \u00c0 LA NEWSLETTER<\/a><\/div>\n<\/div>\n\n\n\n<div style=\"height:60px\" aria-hidden=\"true\" class=\"wp-block-spacer\"><\/div>\n\n\n\n<div class=\"wp-block-group alignfull has-white-color has-text-color has-background has-link-color wp-elements-a6404270da9da9ff11aaddc06985a8da is-layout-flow wp-block-group-is-layout-flow\" style=\"background-color:#8e8a86;padding-top:4em;padding-bottom:2em\">\n<div class=\"wp-block-columns is-layout-flex wp-container-core-columns-is-layout-28f84493 wp-block-columns-is-layout-flex\">\n<div class=\"wp-block-column is-layout-flow wp-block-column-is-layout-flow\" style=\"flex-basis:50%\">\n<p><strong>BIO-DIVERS &amp; CIT\u00c9<\/strong><\/p>\n\n\n\n<p>Chantiers participatifs \u00e0 la ferme | Agglom\u00e9ration Royan Atlantique<\/p>\n\n\n\n<p>Si\u00e8ge de l\u2019association : Epargnes<\/p>\n\n\n\n<p>Actions : Royan, Meschers-sur-Gironde, Saujon, Saint Georges-de-Didonne, \u2026<\/p>\n<\/div>\n\n\n\n<div class=\"wp-block-column is-layout-flow wp-block-column-is-layout-flow\">\n<p>Suivez-nous sur les r\u00e9seaux sociaux :<\/p>\n\n\n\n<p><a href=\"https:\/\/www.facebook.com\/profile.php?id=100090146377204\" data-type=\"URL\" data-id=\"https:\/\/www.facebook.com\/profile.php?id=100090146377204\">Facebook<\/a><br><a href=\"https:\/\/www.instagram.com\/biodiversetcite17\/\" data-type=\"URL\" data-id=\"https:\/\/www.instagram.com\/biodiversetcite17\/\">Instagram<\/a><br><a href=\"https:\/\/www.linkedin.com\/company\/bio-divers-cite-17\/\" data-type=\"URL\" data-id=\"https:\/\/www.linkedin.com\/company\/bio-divers-cite-17\/\">Linkedin<\/a><\/p>\n<\/div>\n\n\n\n<div class=\"wp-block-column is-layout-flow wp-block-column-is-layout-flow\">\n<p><a href=\"http:\/\/biodiverscite17.fr\/index.php\/a-propos\/\" data-type=\"URL\" data-id=\"http:\/\/biodiverscite17.fr\/index.php\/a-propos\/\" target=\"_blank\" rel=\"noreferrer noopener\">A propos<\/a><\/p>\n\n\n\n<p><a href=\"http:\/\/biodiverscite17.fr\/index.php\/contact\/\" data-type=\"URL\" data-id=\"http:\/\/biodiverscite17.fr\/index.php\/contact\/\" target=\"_blank\" rel=\"noreferrer noopener\">Contact<\/a><\/p>\n\n\n\n<p><a href=\"http:\/\/biodiverscite17.fr\/index.php\/a-propos\/\" data-type=\"URL\" data-id=\"http:\/\/biodiverscite17.fr\/index.php\/a-propos\/\" target=\"_blank\" rel=\"noreferrer noopener\">Rejoindre l&rsquo;association<\/a><\/p>\n\n\n\n<p><a href=\"https:\/\/biodiverscite17.fr\/index.php\/politique-de-confidentialite\/\" data-type=\"link\" data-id=\"https:\/\/biodiverscite17.fr\/index.php\/politique-de-confidentialite\/\" target=\"_blank\" rel=\"noreferrer noopener\">Politique de confidentialit\u00e9<\/a><\/p>\n<\/div>\n<\/div>\n\n\n\n<div class=\"wp-block-group alignfull is-layout-flow wp-block-group-is-layout-flow\" style=\"padding-top:4em;padding-bottom:2em\">\n<p class=\"has-text-align-center\">Site cr\u00e9\u00e9 avec amour et un soup\u00e7on de soleil par l&rsquo;\u00e9quipe de l\u2019Association Bio-Divers &amp; Cit\u00e9 via <a href=\"https:\/\/wordpress.org\">WordPress<\/a> <\/p>\n<\/div>\n<\/div>\n\n\n\n<p><\/p>\n","protected":false},"excerpt":{"rendered":"<p>L&rsquo;association Bio-Divers &amp; Cit\u00e9 a \u00e9t\u00e9 cr\u00e9\u00e9e en octobre 2008. Cette association est sans but lucratif et est r\u00e9gie par la loi du 1er juillet 1901. Elle a pour objet la promotion de rencontres interg\u00e9n\u00e9rationnelles autour de manifestions et d&rsquo;ateliers li\u00e9s \u00e0 la vie locale, au petit patrimoine, \u00e0 l&rsquo;environnement et \u00e0 l&rsquo;\u00e9conomie durable. Journ\u00e9e [&hellip;]<\/p>\n","protected":false},"author":1,"featured_media":0,"parent":0,"menu_order":0,"comment_status":"closed","ping_status":"open","template":"","meta":{"footnotes":""},"class_list":["post-2","page","type-page","status-publish","hentry"],"_links":{"self":[{"href":"https:\/\/biodiverscite17.fr\/index.php\/wp-json\/wp\/v2\/pages\/2","targetHints":{"allow":["GET"]}}],"collection":[{"href":"https:\/\/biodiverscite17.fr\/index.php\/wp-json\/wp\/v2\/pages"}],"about":[{"href":"https:\/\/biodiverscite17.fr\/index.php\/wp-json\/wp\/v2\/types\/page"}],"author":[{"embeddable":true,"href":"https:\/\/biodiverscite17.fr\/index.php\/wp-json\/wp\/v2\/users\/1"}],"replies":[{"embeddable":true,"href":"https:\/\/biodiverscite17.fr\/index.php\/wp-json\/wp\/v2\/comments?post=2"}],"version-history":[{"count":19,"href":"https:\/\/biodiverscite17.fr\/index.php\/wp-json\/wp\/v2\/pages\/2\/revisions"}],"predecessor-version":[{"id":611,"href":"https:\/\/biodiverscite17.fr\/index.php\/wp-json\/wp\/v2\/pages\/2\/revisions\/611"}],"wp:attachment":[{"href":"https:\/\/biodiverscite17.fr\/index.php\/wp-json\/wp\/v2\/media?parent=2"}],"curies":[{"name":"wp","href":"https:\/\/api.w.org\/{rel}","templated":true}]}}