{"id":3,"date":"2023-01-20T15:01:18","date_gmt":"2023-01-20T14:01:18","guid":{"rendered":"http:\/\/vzvcueu.cluster031.hosting.ovh.net\/?page_id=3"},"modified":"2025-02-22T19:31:35","modified_gmt":"2025-02-22T18:31:35","slug":"politique-de-confidentialite","status":"publish","type":"page","link":"https:\/\/biodiverscite17.fr\/index.php\/politique-de-confidentialite\/","title":{"rendered":"Politique de Confidentialit\u00e9 de Bio Divers et Cit\u00e9"},"content":{"rendered":"\n<p><em>Derni\u00e8re mise \u00e0 jour : 1<sup>er<\/sup> Janvier 2025<\/em><\/p>\n\n\n\n<div class=\"wp-block-media-text has-media-on-the-right is-stacked-on-mobile\" style=\"grid-template-columns:auto 26%\"><div class=\"wp-block-media-text__content\">\n<p class=\"has-small-font-size\">L\u2019association <strong>Bio Divers et Cit\u00e9<\/strong> (ci-apr\u00e8s d\u00e9sign\u00e9 par \u201cnous\u201d, \u201cnotre\u201d, ou \u201cnos\u201d) s\u2019engage \u00e0 prot\u00e9ger et \u00e0 respecter votre vie priv\u00e9e. Cette Politique de Confidentialit\u00e9 explique comment nous collectons, utilisons, divulguons, et prot\u00e9geons les\u00a0donn\u00e9es personnelles\u00a0que vous nous fournissez en utilisant notre site web, notre formulaire d\u2019adh\u00e9sion et notre formulaire d\u2019abonnement \u00e0 notre newsletter.<\/p>\n<\/div><figure class=\"wp-block-media-text__media\"><img loading=\"lazy\" decoding=\"async\" width=\"839\" height=\"595\" src=\"http:\/\/biodiverscite17.fr\/wp-content\/uploads\/2023\/02\/BDC_logo.png\" alt=\"\" class=\"wp-image-38 size-full\" srcset=\"https:\/\/biodiverscite17.fr\/wp-content\/uploads\/2023\/02\/BDC_logo.png 839w, https:\/\/biodiverscite17.fr\/wp-content\/uploads\/2023\/02\/BDC_logo-300x213.png 300w, https:\/\/biodiverscite17.fr\/wp-content\/uploads\/2023\/02\/BDC_logo-768x545.png 768w\" sizes=\"auto, (max-width: 839px) 100vw, 839px\" \/><\/figure><\/div>\n\n\n\n<p><strong>Donn\u00e9es collect\u00e9es<\/strong><\/p>\n\n\n\n<p>Nous pouvons collecter les types de donn\u00e9es personnelles suivants :<\/p>\n\n\n\n<ul class=\"wp-block-list\">\n<li>Informations d\u2019identit\u00e9 (nom, pr\u00e9nom).<\/li>\n\n\n\n<li>Coordonn\u00e9es (adresse email, num\u00e9ro de t\u00e9l\u00e9phone, adresse postale).<br><\/li>\n<\/ul>\n\n\n\n<p><strong>Utilisation des donn\u00e9es<\/strong><\/p>\n\n\n\n<p>Vos donn\u00e9es personnelles peuvent \u00eatre utilis\u00e9es dans les buts suivants :<\/p>\n\n\n\n<ul class=\"wp-block-list\">\n<li>Vous communiquer nos futurs \u00e9v\u00e8nements \u00e0 travers nos newsletters<\/li>\n\n\n\n<li>Suivre notre portefeuille d\u2019adh\u00e9rents et leurs communiquer toutes informations utiles sp\u00e9cifiques comme les convocations aux AG, les comptes-rendus, \u2026<\/li>\n\n\n\n<li>Partager avec les participants \u00e0 nos \u00e9v\u00e8nements les informations utiles.<\/li>\n<\/ul>\n\n\n\n<p><strong>Partage des donn\u00e9es<\/strong><\/p>\n\n\n\n<p>Nous ne partageons vos&nbsp;donn\u00e9es personnelles&nbsp;qu\u2019avec la Communaut\u00e9 d\u2019Agglom\u00e9ration Royan Atlantique (CARA) dans le cadre de notre partenariat autour du Plan Alimentaire territorial.<\/p>\n\n\n\n<p><strong>S\u00e9curit\u00e9 des donn\u00e9es<\/strong><\/p>\n\n\n\n<p>Nous prenons la s\u00e9curit\u00e9 de vos donn\u00e9es au s\u00e9rieux et avons mis en place des mesures de s\u00e9curit\u00e9 appropri\u00e9es pour emp\u00eacher l\u2019acc\u00e8s non autoris\u00e9, la divulgation, la modification ou la destruction non autoris\u00e9e de vos donn\u00e9es.<\/p>\n\n\n\n<p><strong>Vos droits<\/strong><\/p>\n\n\n\n<p>Conform\u00e9ment au RGPD, vous avez le droit d\u2019acc\u00e9der, de rectifier, de supprimer et de limiter le traitement de vos donn\u00e9es personnelles. Vous avez \u00e9galement le droit de vous opposer au traitement de vos donn\u00e9es personnelles et le droit \u00e0 la portabilit\u00e9 de vos donn\u00e9es.<\/p>\n\n\n\n<p><strong>Modifications de cette politique de confidentialit\u00e9<\/strong><\/p>\n\n\n\n<p>Nous pouvons mettre \u00e0 jour notre Politique de Confidentialit\u00e9 de temps \u00e0 autre. Nous vous notifierons de tout changement en publiant la nouvelle Politique de Confidentialit\u00e9 sur cette page.<\/p>\n\n\n\n<p><strong>Contactez-nous<\/strong><\/p>\n\n\n\n<p>Si vous avez des questions sur cette politique de confidentialit\u00e9, veuillez nous contacter par mail \u00e0 l&rsquo;adresse suivante : <strong>contact@biodiverscite17.fr<\/strong><\/p>\n\n\n\n<p><\/p>\n","protected":false},"excerpt":{"rendered":"<p>Derni\u00e8re mise \u00e0 jour : 1er Janvier 2025 L\u2019association Bio Divers et Cit\u00e9 (ci-apr\u00e8s d\u00e9sign\u00e9 par \u201cnous\u201d, \u201cnotre\u201d, ou \u201cnos\u201d) s\u2019engage \u00e0 prot\u00e9ger et \u00e0 respecter votre vie priv\u00e9e. Cette Politique de Confidentialit\u00e9 explique comment nous collectons, utilisons, divulguons, et prot\u00e9geons les\u00a0donn\u00e9es personnelles\u00a0que vous nous fournissez en utilisant notre site web, notre formulaire d\u2019adh\u00e9sion et [&hellip;]<\/p>\n","protected":false},"author":1,"featured_media":0,"parent":0,"menu_order":0,"comment_status":"closed","ping_status":"open","template":"","meta":{"footnotes":""},"class_list":["post-3","page","type-page","status-publish","hentry"],"_links":{"self":[{"href":"https:\/\/biodiverscite17.fr\/index.php\/wp-json\/wp\/v2\/pages\/3","targetHints":{"allow":["GET"]}}],"collection":[{"href":"https:\/\/biodiverscite17.fr\/index.php\/wp-json\/wp\/v2\/pages"}],"about":[{"href":"https:\/\/biodiverscite17.fr\/index.php\/wp-json\/wp\/v2\/types\/page"}],"author":[{"embeddable":true,"href":"https:\/\/biodiverscite17.fr\/index.php\/wp-json\/wp\/v2\/users\/1"}],"replies":[{"embeddable":true,"href":"https:\/\/biodiverscite17.fr\/index.php\/wp-json\/wp\/v2\/comments?post=3"}],"version-history":[{"count":2,"href":"https:\/\/biodiverscite17.fr\/index.php\/wp-json\/wp\/v2\/pages\/3\/revisions"}],"predecessor-version":[{"id":468,"href":"https:\/\/biodiverscite17.fr\/index.php\/wp-json\/wp\/v2\/pages\/3\/revisions\/468"}],"wp:attachment":[{"href":"https:\/\/biodiverscite17.fr\/index.php\/wp-json\/wp\/v2\/media?parent=3"}],"curies":[{"name":"wp","href":"https:\/\/api.w.org\/{rel}","templated":true}]}}