{"id":99,"date":"2023-02-27T13:55:20","date_gmt":"2023-02-27T12:55:20","guid":{"rendered":"http:\/\/biodiverscite17.fr\/?page_id=99"},"modified":"2025-02-22T20:02:16","modified_gmt":"2025-02-22T19:02:16","slug":"liens","status":"publish","type":"page","link":"https:\/\/biodiverscite17.fr\/index.php\/liens\/","title":{"rendered":"Liens"},"content":{"rendered":"\n<div style=\"height:30px\" aria-hidden=\"true\" class=\"wp-block-spacer\"><\/div>\n\n\n\n<figure class=\"wp-block-image aligncenter size-full is-resized\"><img loading=\"lazy\" decoding=\"async\" width=\"839\" height=\"595\" src=\"http:\/\/biodiverscite17.fr\/wp-content\/uploads\/2023\/02\/BDC_logo.png\" alt=\"\" class=\"wp-image-38\" style=\"width:420px;height:298px\" srcset=\"https:\/\/biodiverscite17.fr\/wp-content\/uploads\/2023\/02\/BDC_logo.png 839w, https:\/\/biodiverscite17.fr\/wp-content\/uploads\/2023\/02\/BDC_logo-300x213.png 300w, https:\/\/biodiverscite17.fr\/wp-content\/uploads\/2023\/02\/BDC_logo-768x545.png 768w\" sizes=\"auto, (max-width: 839px) 100vw, 839px\" \/><\/figure>\n\n\n\n<div style=\"height:20px\" aria-hidden=\"true\" class=\"wp-block-spacer\"><\/div>\n\n\n\n<div class=\"wp-block-buttons is-layout-flex wp-block-buttons-is-layout-flex\">\n<div class=\"wp-block-button aligncenter\"><a class=\"wp-block-button__link has-base-color has-secondary-background-color has-text-color has-background wp-element-button\" href=\"https:\/\/biodiverscite17.fr\/index.php\/nous-rejoindre\/\" style=\"border-radius:30px\">Nous rejoindre<\/a><\/div>\n\n\n\n<div class=\"wp-block-button aligncenter\"><a class=\"wp-block-button__link has-base-color has-secondary-background-color has-text-color has-background wp-element-button\" href=\"https:\/\/e87bfc41.sibforms.com\/serve\/MUIFAORQr8GSJq9zvVazjOAUXLnBvuzkpHUQqydg3MAhKz20aVjqsIP0QJy37nD9NZ2foDCp41Dn-pFzX_KuAxoKKf2rYcA9yE3lQ0HSKZ5wsMp6XgGW3x0OBf7rjWSFwPt_VI3a2xjEARMLo4oL3nIJPpMDdTT2TFxVqhk1cBPm5yl-hRpTbvxmd7ssfXbR6DHV9tJ-K12hsXun\" style=\"border-radius:30px\" target=\"_blank\" rel=\"noreferrer noopener\">Newsletter<\/a><\/div>\n<\/div>\n\n\n\n<div class=\"wp-block-buttons is-layout-flex wp-block-buttons-is-layout-flex\">\n<div class=\"wp-block-button aligncenter\"><a class=\"wp-block-button__link has-base-color has-secondary-background-color has-text-color has-background wp-element-button\" href=\"https:\/\/biodiverscite17.fr\/index.php\/blog-articles\/\" style=\"border-radius:30px\" target=\"_blank\" rel=\"noreferrer noopener\">Blog, Photos &amp; Vid\u00e9os<\/a><\/div>\n<\/div>\n\n\n\n<div style=\"height:20px\" aria-hidden=\"true\" class=\"wp-block-spacer\"><\/div>\n\n\n\n<div class=\"wp-block-group alignfull has-white-color has-text-color has-background has-link-color wp-elements-60abe355c83e3154f1fd8291d592b762 is-layout-flow wp-block-group-is-layout-flow\" style=\"background-color:#8e8a86;padding-top:4em;padding-bottom:2em\">\n<div class=\"wp-block-columns is-layout-flex wp-container-core-columns-is-layout-28f84493 wp-block-columns-is-layout-flex\">\n<div class=\"wp-block-column is-layout-flow wp-block-column-is-layout-flow\" style=\"flex-basis:50%\">\n<p><strong>BIO-DIVERS &amp; CIT\u00c9<\/strong><\/p>\n\n\n\n<p>Chantiers participatifs \u00e0 la ferme | Agglom\u00e9ration Royan Atlantique<\/p>\n\n\n\n<p>Si\u00e8ge de l&rsquo;association : Epargnes<\/p>\n\n\n\n<p>Actions : Royan, Meschers-sur-Gironde, Saujon, Saint Georges-de-Didonne, &#8230;<\/p>\n<\/div>\n\n\n\n<div class=\"wp-block-column is-layout-flow wp-block-column-is-layout-flow\">\n<p>Suivez-nous sur les r\u00e9seaux sociaux :<\/p>\n\n\n\n<p><a href=\"https:\/\/www.facebook.com\/profile.php?id=100090146377204\" data-type=\"URL\" data-id=\"https:\/\/www.facebook.com\/profile.php?id=100090146377204\">Facebook<\/a><br><a href=\"https:\/\/www.instagram.com\/biodiversetcite17\/\" data-type=\"URL\" data-id=\"https:\/\/www.instagram.com\/biodiversetcite17\/\">Instagram<\/a><br><a href=\"https:\/\/www.linkedin.com\/company\/bio-divers-cite-17\/\" data-type=\"URL\" data-id=\"https:\/\/www.linkedin.com\/company\/bio-divers-cite-17\/\">Linkedin<\/a><\/p>\n<\/div>\n\n\n\n<div class=\"wp-block-column is-layout-flow wp-block-column-is-layout-flow\">\n<p><a href=\"http:\/\/biodiverscite17.fr\/index.php\/a-propos\/\" data-type=\"URL\" data-id=\"http:\/\/biodiverscite17.fr\/index.php\/a-propos\/\" target=\"_blank\" rel=\"noreferrer noopener\">A propos<\/a><\/p>\n\n\n\n<p><a href=\"http:\/\/biodiverscite17.fr\/index.php\/contact\/\" data-type=\"URL\" data-id=\"http:\/\/biodiverscite17.fr\/index.php\/contact\/\" target=\"_blank\" rel=\"noreferrer noopener\">Contact<\/a><\/p>\n\n\n\n<p><a href=\"http:\/\/biodiverscite17.fr\/index.php\/nous-rejoindre\/\" data-type=\"URL\" data-id=\"http:\/\/biodiverscite17.fr\/index.php\/nous-rejoindre\/\" target=\"_blank\" rel=\"noreferrer noopener\">Rejoindre l&rsquo;association<\/a><\/p>\n\n\n\n<p><a href=\"https:\/\/biodiverscite17.fr\/index.php\/politique-de-confidentialite\/\" data-type=\"link\" data-id=\"https:\/\/biodiverscite17.fr\/index.php\/politique-de-confidentialite\/\" target=\"_blank\" rel=\"noreferrer noopener\">Politique de confidentialit\u00e9<\/a><\/p>\n<\/div>\n<\/div>\n\n\n\n<div class=\"wp-block-group alignfull is-layout-flow wp-block-group-is-layout-flow\" style=\"padding-top:4em;padding-bottom:2em\">\n<p class=\"has-text-align-center\">Site cr\u00e9\u00e9 avec amour et un soup\u00e7on de soleil par l&rsquo;\u00e9quipe de l&rsquo;Association Bio-Divers &amp; Cit\u00e9 via <a href=\"https:\/\/wordpress.org\">WordPress<\/a> <\/p>\n<\/div>\n<\/div>\n","protected":false},"excerpt":{"rendered":"<p>BIO-DIVERS &amp; CIT\u00c9 Chantiers participatifs \u00e0 la ferme | Agglom\u00e9ration Royan Atlantique Si\u00e8ge de l&rsquo;association : Epargnes Actions : Royan, Meschers-sur-Gironde, Saujon, Saint Georges-de-Didonne, &#8230; Suivez-nous sur les r\u00e9seaux sociaux : FacebookInstagramLinkedin A propos Contact Rejoindre l&rsquo;association Politique de confidentialit\u00e9 Site cr\u00e9\u00e9 avec amour et un soup\u00e7on de soleil par l&rsquo;\u00e9quipe de l&rsquo;Association Bio-Divers &amp; [&hellip;]<\/p>\n","protected":false},"author":1,"featured_media":0,"parent":0,"menu_order":0,"comment_status":"closed","ping_status":"closed","template":"","meta":{"footnotes":""},"class_list":["post-99","page","type-page","status-publish","hentry"],"_links":{"self":[{"href":"https:\/\/biodiverscite17.fr\/index.php\/wp-json\/wp\/v2\/pages\/99","targetHints":{"allow":["GET"]}}],"collection":[{"href":"https:\/\/biodiverscite17.fr\/index.php\/wp-json\/wp\/v2\/pages"}],"about":[{"href":"https:\/\/biodiverscite17.fr\/index.php\/wp-json\/wp\/v2\/types\/page"}],"author":[{"embeddable":true,"href":"https:\/\/biodiverscite17.fr\/index.php\/wp-json\/wp\/v2\/users\/1"}],"replies":[{"embeddable":true,"href":"https:\/\/biodiverscite17.fr\/index.php\/wp-json\/wp\/v2\/comments?post=99"}],"version-history":[{"count":11,"href":"https:\/\/biodiverscite17.fr\/index.php\/wp-json\/wp\/v2\/pages\/99\/revisions"}],"predecessor-version":[{"id":388,"href":"https:\/\/biodiverscite17.fr\/index.php\/wp-json\/wp\/v2\/pages\/99\/revisions\/388"}],"wp:attachment":[{"href":"https:\/\/biodiverscite17.fr\/index.php\/wp-json\/wp\/v2\/media?parent=99"}],"curies":[{"name":"wp","href":"https:\/\/api.w.org\/{rel}","templated":true}]}}